{"id":140,"date":"2023-06-15T10:53:17","date_gmt":"2023-06-15T13:53:17","guid":{"rendered":"https:\/\/drwaltermiyamoto.online\/?page_id=140"},"modified":"2023-06-20T18:05:35","modified_gmt":"2023-06-20T21:05:35","slug":"cirurgia-minimamente-invasiva-para-hemorroida","status":"publish","type":"page","link":"https:\/\/drwaltermiyamoto.online\/?page_id=140","title":{"rendered":"Cirurgia minimamente invasiva para hemorroida\u00a0"},"content":{"rendered":"\t\t<div data-elementor-type=\"wp-page\" data-elementor-id=\"140\" class=\"elementor elementor-140\" data-elementor-post-type=\"page\">\n\t\t\t\t<div class=\"elementor-element elementor-element-8c7d68d e-flex e-con-boxed e-con e-parent\" data-id=\"8c7d68d\" data-element_type=\"container\" data-e-type=\"container\" data-settings=\"{&quot;background_background&quot;:&quot;gradient&quot;}\">\n\t\t\t\t\t<div class=\"e-con-inner\">\n\t\t<div class=\"elementor-element elementor-element-06aec55 e-con-full e-flex e-con e-child\" data-id=\"06aec55\" data-element_type=\"container\" data-e-type=\"container\">\n\t\t\t\t<div class=\"elementor-element elementor-element-d8c78bf animated-slow elementor-invisible elementor-widget elementor-widget-heading\" data-id=\"d8c78bf\" data-element_type=\"widget\" data-e-type=\"widget\" data-settings=\"{&quot;_animation&quot;:&quot;fadeInDown&quot;}\" data-widget_type=\"heading.default\">\n\t\t\t\t<div class=\"elementor-widget-container\">\n\t\t\t\t\t<h2 class=\"elementor-heading-title elementor-size-default\">Cirurgia minimamente invasiva para hemorroida<\/h2>\t\t\t\t<\/div>\n\t\t\t\t<\/div>\n\t\t\t\t<div class=\"elementor-element elementor-element-e3ba1fd elementor-widget elementor-widget-image\" data-id=\"e3ba1fd\" data-element_type=\"widget\" data-e-type=\"widget\" data-widget_type=\"image.default\">\n\t\t\t\t<div class=\"elementor-widget-container\">\n\t\t\t\t\t\t\t\t\t\t\t\t\t\t\t<img fetchpriority=\"high\" decoding=\"async\" width=\"800\" height=\"534\" src=\"https:\/\/drwaltermiyamoto.online\/wp-content\/uploads\/2023\/06\/doctor-holographic-bowel-scan-projection-with-vital-signs-medical-records-1-scaled-1024x683.jpg\" class=\"attachment-large size-large wp-image-147\" alt=\"\" srcset=\"https:\/\/drwaltermiyamoto.online\/wp-content\/uploads\/2023\/06\/doctor-holographic-bowel-scan-projection-with-vital-signs-medical-records-1-scaled-1024x683.jpg 1024w, https:\/\/drwaltermiyamoto.online\/wp-content\/uploads\/2023\/06\/doctor-holographic-bowel-scan-projection-with-vital-signs-medical-records-1-scaled-300x200.jpg 300w, https:\/\/drwaltermiyamoto.online\/wp-content\/uploads\/2023\/06\/doctor-holographic-bowel-scan-projection-with-vital-signs-medical-records-1-scaled-768x512.jpg 768w, https:\/\/drwaltermiyamoto.online\/wp-content\/uploads\/2023\/06\/doctor-holographic-bowel-scan-projection-with-vital-signs-medical-records-1-scaled-1536x1024.jpg 1536w, https:\/\/drwaltermiyamoto.online\/wp-content\/uploads\/2023\/06\/doctor-holographic-bowel-scan-projection-with-vital-signs-medical-records-1-scaled-2048x1366.jpg 2048w\" sizes=\"(max-width: 800px) 100vw, 800px\" \/>\t\t\t\t\t\t\t\t\t\t\t\t\t\t\t<\/div>\n\t\t\t\t<\/div>\n\t\t\t\t<\/div>\n\t\t\t\t\t<\/div>\n\t\t\t\t<\/div>\n\t\t<div class=\"elementor-element elementor-element-ab7dde4 e-flex e-con-boxed e-con e-parent\" data-id=\"ab7dde4\" data-element_type=\"container\" data-e-type=\"container\" data-settings=\"{&quot;background_background&quot;:&quot;classic&quot;}\">\n\t\t\t\t\t<div class=\"e-con-inner\">\n\t\t<div class=\"elementor-element elementor-element-32331a6 e-con-full animated-slow e-flex elementor-invisible e-con e-child\" data-id=\"32331a6\" data-element_type=\"container\" data-e-type=\"container\" data-settings=\"{&quot;animation&quot;:&quot;fadeIn&quot;,&quot;animation_delay&quot;:100}\">\n\t\t\t\t<div class=\"elementor-element elementor-element-ba443da elementor-widget elementor-widget-heading\" data-id=\"ba443da\" data-element_type=\"widget\" data-e-type=\"widget\" data-widget_type=\"heading.default\">\n\t\t\t\t<div class=\"elementor-widget-container\">\n\t\t\t\t\t<h2 class=\"elementor-heading-title elementor-size-default\">T\u00e9cnica PPH <\/h2>\t\t\t\t<\/div>\n\t\t\t\t<\/div>\n\t\t\t\t<div class=\"elementor-element elementor-element-496617f elementor-widget elementor-widget-text-editor\" data-id=\"496617f\" data-element_type=\"widget\" data-e-type=\"widget\" data-widget_type=\"text-editor.default\">\n\t\t\t\t<div class=\"elementor-widget-container\">\n\t\t\t\t\t\t\t\t\t<p><span data-contrast=\"none\">M\u00e9todo que tem como caracter\u00edstica fixar as hemorroidas em seu local prim\u00e1rio. Utiliza-se como ferramentas um grampeador e grampos de tit\u00e2nio.<\/span><span data-ccp-props=\"{&quot;201341983&quot;:0,&quot;335551550&quot;:1,&quot;335551620&quot;:1,&quot;335559739&quot;:160,&quot;335559740&quot;:259}\">\u00a0<\/span><\/p><p><span data-contrast=\"none\">Oferece \u00f3timas vantagens, como menor dor p\u00f3s-operat\u00f3ria e o retorno r\u00e1pido \u00e0s atividades cotidianas.<\/span><span data-ccp-props=\"{&quot;201341983&quot;:0,&quot;335551550&quot;:1,&quot;335551620&quot;:1,&quot;335559739&quot;:160,&quot;335559740&quot;:259}\">\u00a0<\/span><\/p><p><span data-contrast=\"none\">Mesmo sendo mais indicada para hemorroidas de est\u00e1gios III e IV, pode ser realizada em qualquer paciente que busque uma cirurgia menos invasiva e recupera\u00e7\u00e3o r\u00e1pida.<\/span><span data-ccp-props=\"{&quot;201341983&quot;:0,&quot;335551550&quot;:1,&quot;335551620&quot;:1,&quot;335559739&quot;:160,&quot;335559740&quot;:259}\">\u00a0<\/span><\/p><p><span data-contrast=\"none\">Por\u00e9m, o cirurgi\u00e3o coloproctologista ir\u00e1 avaliar a situa\u00e7\u00e3o da doen\u00e7a e indicar o melhor m\u00e9todo e etapas.<\/span><span data-ccp-props=\"{&quot;201341983&quot;:0,&quot;335551550&quot;:1,&quot;335551620&quot;:1,&quot;335559739&quot;:160,&quot;335559740&quot;:259}\">\u00a0<\/span><\/p>\t\t\t\t\t\t\t\t<\/div>\n\t\t\t\t<\/div>\n\t\t\t\t<\/div>\n\t\t<div class=\"elementor-element elementor-element-2c65656 e-con-full e-flex e-con e-child\" data-id=\"2c65656\" data-element_type=\"container\" data-e-type=\"container\">\n\t\t\t\t<div class=\"elementor-element elementor-element-6becd62 elementor-widget elementor-widget-image\" data-id=\"6becd62\" data-element_type=\"widget\" data-e-type=\"widget\" data-widget_type=\"image.default\">\n\t\t\t\t<div class=\"elementor-widget-container\">\n\t\t\t\t\t\t\t\t\t\t\t\t\t\t\t<img decoding=\"async\" width=\"678\" height=\"1024\" src=\"https:\/\/drwaltermiyamoto.online\/wp-content\/uploads\/2023\/06\/png-1-678x1024.png\" class=\"attachment-large size-large wp-image-148\" alt=\"\" srcset=\"https:\/\/drwaltermiyamoto.online\/wp-content\/uploads\/2023\/06\/png-1-678x1024.png 678w, https:\/\/drwaltermiyamoto.online\/wp-content\/uploads\/2023\/06\/png-1-199x300.png 199w, https:\/\/drwaltermiyamoto.online\/wp-content\/uploads\/2023\/06\/png-1-768x1160.png 768w, https:\/\/drwaltermiyamoto.online\/wp-content\/uploads\/2023\/06\/png-1.png 1000w\" sizes=\"(max-width: 678px) 100vw, 678px\" \/>\t\t\t\t\t\t\t\t\t\t\t\t\t\t\t<\/div>\n\t\t\t\t<\/div>\n\t\t\t\t<\/div>\n\t\t\t\t\t<\/div>\n\t\t\t\t<\/div>\n\t\t<div class=\"elementor-element elementor-element-91c7f61 e-flex e-con-boxed e-con e-parent\" data-id=\"91c7f61\" data-element_type=\"container\" data-e-type=\"container\" data-settings=\"{&quot;background_background&quot;:&quot;classic&quot;}\">\n\t\t\t\t\t<div class=\"e-con-inner\">\n\t\t<div class=\"elementor-element elementor-element-73829da e-con-full e-flex e-con e-child\" data-id=\"73829da\" data-element_type=\"container\" data-e-type=\"container\">\n\t\t\t\t<div class=\"elementor-element elementor-element-b813acb elementor-widget elementor-widget-image\" data-id=\"b813acb\" data-element_type=\"widget\" data-e-type=\"widget\" data-widget_type=\"image.default\">\n\t\t\t\t<div class=\"elementor-widget-container\">\n\t\t\t\t\t\t\t\t\t\t\t\t\t\t\t<img decoding=\"async\" width=\"868\" height=\"510\" src=\"https:\/\/drwaltermiyamoto.online\/wp-content\/uploads\/2023\/06\/Captura-de-tela-2023-06-20-180410.png\" class=\"attachment-full size-full wp-image-418\" alt=\"\" srcset=\"https:\/\/drwaltermiyamoto.online\/wp-content\/uploads\/2023\/06\/Captura-de-tela-2023-06-20-180410.png 868w, https:\/\/drwaltermiyamoto.online\/wp-content\/uploads\/2023\/06\/Captura-de-tela-2023-06-20-180410-300x176.png 300w, https:\/\/drwaltermiyamoto.online\/wp-content\/uploads\/2023\/06\/Captura-de-tela-2023-06-20-180410-768x451.png 768w\" sizes=\"(max-width: 868px) 100vw, 868px\" \/>\t\t\t\t\t\t\t\t\t\t\t\t\t\t\t<\/div>\n\t\t\t\t<\/div>\n\t\t\t\t<\/div>\n\t\t<div class=\"elementor-element elementor-element-baadbab e-con-full animated-slow e-flex elementor-invisible e-con e-child\" data-id=\"baadbab\" data-element_type=\"container\" data-e-type=\"container\" data-settings=\"{&quot;animation&quot;:&quot;fadeIn&quot;,&quot;animation_delay&quot;:100}\">\n\t\t\t\t<div class=\"elementor-element elementor-element-1ee23e0 elementor-widget elementor-widget-heading\" data-id=\"1ee23e0\" data-element_type=\"widget\" data-e-type=\"widget\" data-widget_type=\"heading.default\">\n\t\t\t\t<div class=\"elementor-widget-container\">\n\t\t\t\t\t<h2 class=\"elementor-heading-title elementor-size-default\">T\u00e9cnica THD<\/h2>\t\t\t\t<\/div>\n\t\t\t\t<\/div>\n\t\t\t\t<div class=\"elementor-element elementor-element-7dc3a9c elementor-widget elementor-widget-text-editor\" data-id=\"7dc3a9c\" data-element_type=\"widget\" data-e-type=\"widget\" data-widget_type=\"text-editor.default\">\n\t\t\t\t<div class=\"elementor-widget-container\">\n\t\t\t\t\t\t\t\t\t<p><span data-contrast=\"none\">Consiste na manipula\u00e7\u00e3o das hemorroidas com o aux\u00edlio de um ultrassom Doppler, para em seguida realizar uma ligadura a fim de reduzir o fluxo das art\u00e9rias e fix\u00e1-las.<\/span><span data-ccp-props=\"{&quot;201341983&quot;:0,&quot;335551550&quot;:1,&quot;335551620&quot;:1,&quot;335559739&quot;:160,&quot;335559740&quot;:259}\">\u00a0<\/span><\/p><p><span data-contrast=\"none\">Tamb\u00e9m proporciona um p\u00f3s-operat\u00f3rio mais confort\u00e1vel e r\u00e1pido. N\u00e3o utiliza cortes, sendo uma das maiores vantagens.<\/span><span data-ccp-props=\"{&quot;134233117&quot;:false,&quot;134233118&quot;:false,&quot;201341983&quot;:0,&quot;335551550&quot;:1,&quot;335551620&quot;:1,&quot;335559738&quot;:0,&quot;335559739&quot;:160,&quot;335559740&quot;:257}\">\u00a0<\/span><\/p><p><span data-contrast=\"none\">Funciona como uma esp\u00e9cie de \u201clifting\u201d da mucosa para que ela volte em dire\u00e7\u00e3o ao reto.<\/span><span data-ccp-props=\"{&quot;134233117&quot;:false,&quot;134233118&quot;:false,&quot;201341983&quot;:0,&quot;335551550&quot;:1,&quot;335551620&quot;:1,&quot;335559738&quot;:0,&quot;335559739&quot;:160,&quot;335559740&quot;:257}\">\u00a0<\/span><\/p><p><span data-contrast=\"none\">Em ambas as t\u00e9cnicas, o paciente consegue voltar ao cotidiano habitual de forma r\u00e1pida, sentindo muito menos desconforto.<\/span><span data-ccp-props=\"{&quot;134233117&quot;:false,&quot;134233118&quot;:false,&quot;201341983&quot;:0,&quot;335551550&quot;:1,&quot;335551620&quot;:1,&quot;335559738&quot;:0,&quot;335559739&quot;:160,&quot;335559740&quot;:257}\">\u00a0<\/span><\/p><p><span data-contrast=\"none\">As t\u00e9cnicas tradicionais ainda podem ser utilizadas.<\/span><\/p>\t\t\t\t\t\t\t\t<\/div>\n\t\t\t\t<\/div>\n\t\t\t\t<\/div>\n\t\t\t\t\t<\/div>\n\t\t\t\t<\/div>\n\t\t\t\t<\/div>\n\t\t","protected":false},"excerpt":{"rendered":"<p>Cirurgia minimamente invasiva para hemorroida T\u00e9cnica PPH M\u00e9todo que tem como caracter\u00edstica fixar as hemorroidas em seu local prim\u00e1rio. Utiliza-se como ferramentas um grampeador e grampos de tit\u00e2nio.\u00a0 Oferece \u00f3timas vantagens, como menor dor p\u00f3s-operat\u00f3ria e o retorno r\u00e1pido \u00e0s atividades cotidianas.\u00a0 Mesmo sendo mais indicada para hemorroidas de est\u00e1gios III e IV, pode ser [&hellip;]<\/p>\n","protected":false},"author":1,"featured_media":0,"parent":0,"menu_order":0,"comment_status":"closed","ping_status":"closed","template":"elementor_header_footer","meta":{"footnotes":""},"class_list":["post-140","page","type-page","status-publish","hentry"],"aioseo_notices":[],"_links":{"self":[{"href":"https:\/\/drwaltermiyamoto.online\/index.php?rest_route=\/wp\/v2\/pages\/140","targetHints":{"allow":["GET"]}}],"collection":[{"href":"https:\/\/drwaltermiyamoto.online\/index.php?rest_route=\/wp\/v2\/pages"}],"about":[{"href":"https:\/\/drwaltermiyamoto.online\/index.php?rest_route=\/wp\/v2\/types\/page"}],"author":[{"embeddable":true,"href":"https:\/\/drwaltermiyamoto.online\/index.php?rest_route=\/wp\/v2\/users\/1"}],"replies":[{"embeddable":true,"href":"https:\/\/drwaltermiyamoto.online\/index.php?rest_route=%2Fwp%2Fv2%2Fcomments&post=140"}],"version-history":[{"count":40,"href":"https:\/\/drwaltermiyamoto.online\/index.php?rest_route=\/wp\/v2\/pages\/140\/revisions"}],"predecessor-version":[{"id":424,"href":"https:\/\/drwaltermiyamoto.online\/index.php?rest_route=\/wp\/v2\/pages\/140\/revisions\/424"}],"wp:attachment":[{"href":"https:\/\/drwaltermiyamoto.online\/index.php?rest_route=%2Fwp%2Fv2%2Fmedia&parent=140"}],"curies":[{"name":"wp","href":"https:\/\/api.w.org\/{rel}","templated":true}]}}