{"id":129,"date":"2023-06-14T17:13:49","date_gmt":"2023-06-14T20:13:49","guid":{"rendered":"https:\/\/drwaltermiyamoto.online\/?page_id=129"},"modified":"2023-06-20T15:54:11","modified_gmt":"2023-06-20T18:54:11","slug":"sobre-mim","status":"publish","type":"page","link":"https:\/\/drwaltermiyamoto.online\/?page_id=129","title":{"rendered":"Sobre mim"},"content":{"rendered":"\t\t<div data-elementor-type=\"wp-page\" data-elementor-id=\"129\" class=\"elementor elementor-129\" data-elementor-post-type=\"page\">\n\t\t\t\t<div class=\"elementor-element elementor-element-974407a e-flex e-con-boxed e-con e-parent\" data-id=\"974407a\" data-element_type=\"container\" data-e-type=\"container\" data-settings=\"{&quot;background_background&quot;:&quot;classic&quot;}\">\n\t\t\t\t\t<div class=\"e-con-inner\">\n\t\t<div class=\"elementor-element elementor-element-c485ecc e-con-full animated-slow e-flex elementor-invisible e-con e-child\" data-id=\"c485ecc\" data-element_type=\"container\" data-e-type=\"container\" data-settings=\"{&quot;animation&quot;:&quot;fadeInLeft&quot;}\">\n\t\t\t\t<div class=\"elementor-element elementor-element-1b6c527 elementor-widget elementor-widget-heading\" data-id=\"1b6c527\" data-element_type=\"widget\" data-e-type=\"widget\" data-widget_type=\"heading.default\">\n\t\t\t\t<div class=\"elementor-widget-container\">\n\t\t\t\t\t<h2 class=\"elementor-heading-title elementor-size-default\">Dr. Walter Myiamoto<\/h2>\t\t\t\t<\/div>\n\t\t\t\t<\/div>\n\t\t\t\t<div class=\"elementor-element elementor-element-f06b565 elementor-widget elementor-widget-text-editor\" data-id=\"f06b565\" data-element_type=\"widget\" data-e-type=\"widget\" data-widget_type=\"text-editor.default\">\n\t\t\t\t<div class=\"elementor-widget-container\">\n\t\t\t\t\t\t\t\t\t<p><b><span data-contrast=\"none\">CRM: 131465<\/span><\/b><span data-ccp-props=\"{&quot;201341983&quot;:0,&quot;335559739&quot;:160,&quot;335559740&quot;:259}\">\u00a0<\/span><\/p><p><b><span data-contrast=\"none\">RQE: 80726 Coloproctologia\u00a0<\/span><\/b><span data-ccp-props=\"{&quot;201341983&quot;:0,&quot;335559739&quot;:160,&quot;335559740&quot;:259}\">\u00a0<\/span><\/p><p><b><span data-contrast=\"none\">108168 Cirurgia Geral<\/span><\/b><\/p>\t\t\t\t\t\t\t\t<\/div>\n\t\t\t\t<\/div>\n\t\t\t\t<\/div>\n\t\t\t\t\t<\/div>\n\t\t\t\t<\/div>\n\t\t<div class=\"elementor-element elementor-element-74f10a1 e-flex e-con-boxed e-con e-parent\" data-id=\"74f10a1\" data-element_type=\"container\" data-e-type=\"container\">\n\t\t\t\t\t<div class=\"e-con-inner\">\n\t\t<div class=\"elementor-element elementor-element-fc5df22 e-con-full e-flex e-con e-child\" data-id=\"fc5df22\" data-element_type=\"container\" data-e-type=\"container\">\n\t\t\t\t<div class=\"elementor-element elementor-element-b1ae51b elementor-widget elementor-widget-image\" data-id=\"b1ae51b\" data-element_type=\"widget\" data-e-type=\"widget\" data-widget_type=\"image.default\">\n\t\t\t\t<div class=\"elementor-widget-container\">\n\t\t\t\t\t\t\t\t\t\t\t\t\t\t\t<img fetchpriority=\"high\" decoding=\"async\" width=\"800\" height=\"800\" src=\"https:\/\/drwaltermiyamoto.online\/wp-content\/uploads\/2023\/06\/vetor-1024x1024.png\" class=\"attachment-large size-large wp-image-134\" alt=\"\" srcset=\"https:\/\/drwaltermiyamoto.online\/wp-content\/uploads\/2023\/06\/vetor-1024x1024.png 1024w, https:\/\/drwaltermiyamoto.online\/wp-content\/uploads\/2023\/06\/vetor-300x300.png 300w, https:\/\/drwaltermiyamoto.online\/wp-content\/uploads\/2023\/06\/vetor-150x150.png 150w, https:\/\/drwaltermiyamoto.online\/wp-content\/uploads\/2023\/06\/vetor-768x768.png 768w, https:\/\/drwaltermiyamoto.online\/wp-content\/uploads\/2023\/06\/vetor.png 1080w\" sizes=\"(max-width: 800px) 100vw, 800px\" \/>\t\t\t\t\t\t\t\t\t\t\t\t\t\t\t<\/div>\n\t\t\t\t<\/div>\n\t\t\t\t<\/div>\n\t\t<div class=\"elementor-element elementor-element-42aad59 e-con-full e-flex e-con e-child\" data-id=\"42aad59\" data-element_type=\"container\" data-e-type=\"container\">\n\t\t\t\t<div class=\"elementor-element elementor-element-6864df1 elementor-widget elementor-widget-spacer\" data-id=\"6864df1\" data-element_type=\"widget\" data-e-type=\"widget\" data-widget_type=\"spacer.default\">\n\t\t\t\t<div class=\"elementor-widget-container\">\n\t\t\t\t\t\t\t<div class=\"elementor-spacer\">\n\t\t\t<div class=\"elementor-spacer-inner\"><\/div>\n\t\t<\/div>\n\t\t\t\t\t\t<\/div>\n\t\t\t\t<\/div>\n\t\t\t\t<div class=\"elementor-element elementor-element-9f1af64 animated-slow elementor-invisible elementor-widget elementor-widget-text-editor\" data-id=\"9f1af64\" data-element_type=\"widget\" data-e-type=\"widget\" data-settings=\"{&quot;_animation&quot;:&quot;fadeIn&quot;,&quot;_animation_delay&quot;:100}\" data-widget_type=\"text-editor.default\">\n\t\t\t\t<div class=\"elementor-widget-container\">\n\t\t\t\t\t\t\t\t\t<ul><li data-leveltext=\"\uf0b7\" data-font=\"Symbol\" data-listid=\"4\" data-list-defn-props=\"{&quot;335552541&quot;:1,&quot;335559684&quot;:-2,&quot;335559685&quot;:720,&quot;335559991&quot;:360,&quot;469769226&quot;:&quot;Symbol&quot;,&quot;469769242&quot;:[8226],&quot;469777803&quot;:&quot;left&quot;,&quot;469777804&quot;:&quot;\uf0b7&quot;,&quot;469777815&quot;:&quot;hybridMultilevel&quot;}\" aria-setsize=\"-1\" data-aria-posinset=\"1\" data-aria-level=\"1\"><span data-contrast=\"none\">Gradua\u00e7\u00e3o em Medicina, FCMSCP &#8211; Faculdade de Ci\u00eancias M\u00e9dicas da Santa Casa de S\u00e3o Paulo, 2007<\/span>\u00a0<br \/><span data-ccp-props=\"{&quot;201341983&quot;:0,&quot;335551550&quot;:1,&quot;335551620&quot;:1,&quot;335559739&quot;:160,&quot;335559740&quot;:259}\">\u00a0<\/span><\/li><li data-leveltext=\"\uf0b7\" data-font=\"Symbol\" data-listid=\"4\" data-list-defn-props=\"{&quot;335552541&quot;:1,&quot;335559684&quot;:-2,&quot;335559685&quot;:720,&quot;335559991&quot;:360,&quot;469769226&quot;:&quot;Symbol&quot;,&quot;469769242&quot;:[8226],&quot;469777803&quot;:&quot;left&quot;,&quot;469777804&quot;:&quot;\uf0b7&quot;,&quot;469777815&quot;:&quot;hybridMultilevel&quot;}\" aria-setsize=\"-1\" data-aria-posinset=\"2\" data-aria-level=\"1\"><span data-contrast=\"none\">Resid\u00eancia M\u00e9dica em Cirurgia Geral, Irmandade da Santa Casa de Miseric\u00f3rdia de S\u00e3o Paulo, 2012<\/span>\u00a0<br \/><span data-ccp-props=\"{&quot;201341983&quot;:0,&quot;335551550&quot;:1,&quot;335551620&quot;:1,&quot;335559739&quot;:160,&quot;335559740&quot;:259}\">\u00a0<\/span><\/li><li data-leveltext=\"\uf0b7\" data-font=\"Symbol\" data-listid=\"4\" data-list-defn-props=\"{&quot;335552541&quot;:1,&quot;335559684&quot;:-2,&quot;335559685&quot;:720,&quot;335559991&quot;:360,&quot;469769226&quot;:&quot;Symbol&quot;,&quot;469769242&quot;:[8226],&quot;469777803&quot;:&quot;left&quot;,&quot;469777804&quot;:&quot;\uf0b7&quot;,&quot;469777815&quot;:&quot;hybridMultilevel&quot;}\" aria-setsize=\"-1\" data-aria-posinset=\"3\" data-aria-level=\"1\"><span data-contrast=\"none\">Especializa\u00e7\u00e3o M\u00e9dica em Coloproctologia, Irmandade da Santa Casa de Miseric\u00f3rdia de S\u00e3o Paulo, 2016<\/span>\u00a0<br \/><span data-ccp-props=\"{&quot;201341983&quot;:0,&quot;335551550&quot;:1,&quot;335551620&quot;:1,&quot;335559739&quot;:160,&quot;335559740&quot;:259}\">\u00a0<\/span><\/li><\/ul><ul><li data-leveltext=\"\uf0b7\" data-font=\"Symbol\" data-listid=\"4\" data-list-defn-props=\"{&quot;335552541&quot;:1,&quot;335559684&quot;:-2,&quot;335559685&quot;:720,&quot;335559991&quot;:360,&quot;469769226&quot;:&quot;Symbol&quot;,&quot;469769242&quot;:[8226],&quot;469777803&quot;:&quot;left&quot;,&quot;469777804&quot;:&quot;\uf0b7&quot;,&quot;469777815&quot;:&quot;hybridMultilevel&quot;}\" aria-setsize=\"-1\" data-aria-posinset=\"1\" data-aria-level=\"1\"><span data-contrast=\"none\">T\u00edtulo de Especialista em Coloproctologia, Sociedade Brasileira de Coloproctologia, 2016<\/span><\/li><\/ul>\t\t\t\t\t\t\t\t<\/div>\n\t\t\t\t<\/div>\n\t\t\t\t<\/div>\n\t\t\t\t\t<\/div>\n\t\t\t\t<\/div>\n\t\t<div class=\"elementor-element elementor-element-2b4a156 e-flex e-con-boxed e-con e-parent\" data-id=\"2b4a156\" data-element_type=\"container\" data-e-type=\"container\" data-settings=\"{&quot;background_background&quot;:&quot;classic&quot;}\">\n\t\t\t\t\t<div class=\"e-con-inner\">\n\t\t<div class=\"elementor-element elementor-element-a379726 e-con-full e-flex e-con e-child\" data-id=\"a379726\" data-element_type=\"container\" data-e-type=\"container\">\n\t\t\t\t<div class=\"elementor-element elementor-element-1a2bc5a elementor-widget elementor-widget-spacer\" data-id=\"1a2bc5a\" data-element_type=\"widget\" data-e-type=\"widget\" data-widget_type=\"spacer.default\">\n\t\t\t\t<div class=\"elementor-widget-container\">\n\t\t\t\t\t\t\t<div class=\"elementor-spacer\">\n\t\t\t<div class=\"elementor-spacer-inner\"><\/div>\n\t\t<\/div>\n\t\t\t\t\t\t<\/div>\n\t\t\t\t<\/div>\n\t\t\t\t<div class=\"elementor-element elementor-element-4236ede animated-slow elementor-invisible elementor-widget elementor-widget-text-editor\" data-id=\"4236ede\" data-element_type=\"widget\" data-e-type=\"widget\" data-settings=\"{&quot;_animation&quot;:&quot;fadeIn&quot;,&quot;_animation_delay&quot;:100}\" data-widget_type=\"text-editor.default\">\n\t\t\t\t<div class=\"elementor-widget-container\">\n\t\t\t\t\t\t\t\t\t<p><span data-contrast=\"none\">Atuo como membro das equipes de cirurgia de urg\u00eancia do Hospital Vivalle e Santa Casa de SJC, al\u00e9m de consult\u00f3rio principal na cl\u00ednica Gastrovale. Tamb\u00e9m mantenho v\u00ednculo como Professor Instrutor de Trauma do ATLS (Advanced Trauma Life Suport &#8211; N\u00facleo Santa Casa de SP).<\/span><span data-ccp-props=\"{&quot;201341983&quot;:0,&quot;335551550&quot;:1,&quot;335551620&quot;:1,&quot;335559685&quot;:0,&quot;335559739&quot;:160,&quot;335559740&quot;:259}\">\u00a0<\/span><\/p><p><span data-contrast=\"none\">Mais ocupa\u00e7\u00f5es de destaque: Diretor de Esportes da APM (Associa\u00e7\u00e3o Paulista de Medicina), Coordenador da Coloproctologia da Santa Casa de S\u00e3o Jos\u00e9 dos Campos, Preceptor e Coordenador Geral da Resid\u00eancia de Cirurgia Geral da Santa Casa de S\u00e3o Jos\u00e9 dos Campos.<\/span><span data-ccp-props=\"{&quot;201341983&quot;:0,&quot;335551550&quot;:1,&quot;335551620&quot;:1,&quot;335559685&quot;:0,&quot;335559739&quot;:160,&quot;335559740&quot;:259}\">\u00a0<\/span><\/p>\t\t\t\t\t\t\t\t<\/div>\n\t\t\t\t<\/div>\n\t\t\t\t<\/div>\n\t\t\t\t<div class=\"elementor-element elementor-element-191e6ef elementor-widget elementor-widget-spacer\" data-id=\"191e6ef\" data-element_type=\"widget\" data-e-type=\"widget\" data-widget_type=\"spacer.default\">\n\t\t\t\t<div class=\"elementor-widget-container\">\n\t\t\t\t\t\t\t<div class=\"elementor-spacer\">\n\t\t\t<div class=\"elementor-spacer-inner\"><\/div>\n\t\t<\/div>\n\t\t\t\t\t\t<\/div>\n\t\t\t\t<\/div>\n\t\t<div class=\"elementor-element elementor-element-f87b08e e-con-full e-flex e-con e-child\" data-id=\"f87b08e\" data-element_type=\"container\" data-e-type=\"container\">\n\t\t\t\t<div class=\"elementor-element elementor-element-effdb27 elementor-widget elementor-widget-spacer\" data-id=\"effdb27\" data-element_type=\"widget\" data-e-type=\"widget\" data-widget_type=\"spacer.default\">\n\t\t\t\t<div class=\"elementor-widget-container\">\n\t\t\t\t\t\t\t<div class=\"elementor-spacer\">\n\t\t\t<div class=\"elementor-spacer-inner\"><\/div>\n\t\t<\/div>\n\t\t\t\t\t\t<\/div>\n\t\t\t\t<\/div>\n\t\t\t\t<div class=\"elementor-element elementor-element-bb15b0e elementor-widget elementor-widget-image\" data-id=\"bb15b0e\" data-element_type=\"widget\" data-e-type=\"widget\" data-widget_type=\"image.default\">\n\t\t\t\t<div class=\"elementor-widget-container\">\n\t\t\t\t\t\t\t\t\t\t\t\t\t\t\t<img decoding=\"async\" width=\"2560\" height=\"1707\" src=\"https:\/\/drwaltermiyamoto.online\/wp-content\/uploads\/2023\/06\/IMG_5797-1-scaled.jpg\" class=\"attachment-full size-full wp-image-135\" alt=\"\" srcset=\"https:\/\/drwaltermiyamoto.online\/wp-content\/uploads\/2023\/06\/IMG_5797-1-scaled.jpg 2560w, https:\/\/drwaltermiyamoto.online\/wp-content\/uploads\/2023\/06\/IMG_5797-1-scaled-300x200.jpg 300w, https:\/\/drwaltermiyamoto.online\/wp-content\/uploads\/2023\/06\/IMG_5797-1-scaled-1024x683.jpg 1024w, https:\/\/drwaltermiyamoto.online\/wp-content\/uploads\/2023\/06\/IMG_5797-1-scaled-768x512.jpg 768w, https:\/\/drwaltermiyamoto.online\/wp-content\/uploads\/2023\/06\/IMG_5797-1-scaled-1536x1024.jpg 1536w, https:\/\/drwaltermiyamoto.online\/wp-content\/uploads\/2023\/06\/IMG_5797-1-scaled-2048x1366.jpg 2048w\" sizes=\"(max-width: 2560px) 100vw, 2560px\" \/>\t\t\t\t\t\t\t\t\t\t\t\t\t\t\t<\/div>\n\t\t\t\t<\/div>\n\t\t\t\t<\/div>\n\t\t\t\t\t<\/div>\n\t\t\t\t<\/div>\n\t\t\t\t<\/div>\n\t\t","protected":false},"excerpt":{"rendered":"<p>Dr. Walter Myiamoto CRM: 131465\u00a0 RQE: 80726 Coloproctologia\u00a0\u00a0 108168 Cirurgia Geral Gradua\u00e7\u00e3o em Medicina, FCMSCP &#8211; Faculdade de Ci\u00eancias M\u00e9dicas da Santa Casa de S\u00e3o Paulo, 2007\u00a0\u00a0 Resid\u00eancia M\u00e9dica em Cirurgia Geral, Irmandade da Santa Casa de Miseric\u00f3rdia de S\u00e3o Paulo, 2012\u00a0\u00a0 Especializa\u00e7\u00e3o M\u00e9dica em Coloproctologia, Irmandade da Santa Casa de Miseric\u00f3rdia de S\u00e3o Paulo, [&hellip;]<\/p>\n","protected":false},"author":1,"featured_media":0,"parent":0,"menu_order":0,"comment_status":"closed","ping_status":"closed","template":"elementor_header_footer","meta":{"footnotes":""},"class_list":["post-129","page","type-page","status-publish","hentry"],"aioseo_notices":[],"_links":{"self":[{"href":"https:\/\/drwaltermiyamoto.online\/index.php?rest_route=\/wp\/v2\/pages\/129","targetHints":{"allow":["GET"]}}],"collection":[{"href":"https:\/\/drwaltermiyamoto.online\/index.php?rest_route=\/wp\/v2\/pages"}],"about":[{"href":"https:\/\/drwaltermiyamoto.online\/index.php?rest_route=\/wp\/v2\/types\/page"}],"author":[{"embeddable":true,"href":"https:\/\/drwaltermiyamoto.online\/index.php?rest_route=\/wp\/v2\/users\/1"}],"replies":[{"embeddable":true,"href":"https:\/\/drwaltermiyamoto.online\/index.php?rest_route=%2Fwp%2Fv2%2Fcomments&post=129"}],"version-history":[{"count":19,"href":"https:\/\/drwaltermiyamoto.online\/index.php?rest_route=\/wp\/v2\/pages\/129\/revisions"}],"predecessor-version":[{"id":417,"href":"https:\/\/drwaltermiyamoto.online\/index.php?rest_route=\/wp\/v2\/pages\/129\/revisions\/417"}],"wp:attachment":[{"href":"https:\/\/drwaltermiyamoto.online\/index.php?rest_route=%2Fwp%2Fv2%2Fmedia&parent=129"}],"curies":[{"name":"wp","href":"https:\/\/api.w.org\/{rel}","templated":true}]}}